{"id":2039,"date":"2017-11-27T14:24:45","date_gmt":"2017-11-27T13:24:45","guid":{"rendered":"http:\/\/dev-le-caillau.pantheonsite.io\/menu-tabs\/"},"modified":"2025-01-04T12:14:56","modified_gmt":"2025-01-04T11:14:56","slug":"menu-tabs","status":"publish","type":"page","link":"http:\/\/www.lecaillau.com\/fr\/menu-tabs\/","title":{"rendered":"Menu tabs"},"content":{"rendered":"<div id=\"menutabs\">\n<div class=\"responsive-tabs\">\n<h2 class=\"tabtitle\">Menu &amp; Carte<\/h2>\n<div class=\"tabcontent\">\n\n<style>.fdm-section-header p { display: none; }<\/style>\n\n\n<div class=\"fdm-menu-filtering\">\n\t<\/div>\n\n<div class=\"fdm-the-menu\">\n\n\n\n<ul id=\"fdm-menu-1\" class=\"fdm-menu fdm-menu-953 fdm-menu-classic fdm-menu-sidebar- fdm-columns-1 fdm-layout-classic clearfix\">\n\n\n\t<li class=\"fdm-column fdm-column-0 fdm-column-last\">\n\n\t<ul  class=\"fdm-section fdm-sectionid-83 fdm-section-plat-du-jour-fr fdm-section-four fdm-section-0\">\n\t<li class=\"fdm-section-header\" id=\"fdm-section-header-plat-du-jour-fr\">\n\n\t\t\t\t\n\t\t\n\t\t\t\t\t<h3 class=''>Menu &amp; Carte<\/h3>\n\t\t\n\t\t\n\t\t\n\t<\/li>\n\t\n\t\t<li class=\"fdm-item fdm-item-has-price\" data-postid=\"2276\" data-section=\"83\" data-timeadded=\"1526672013\">\n\t\n\t\t\n\t\t<div class=\"fdm-item-panel\">\n\n\t\t\t<p class=\"fdm-item-title\">Menu<\/p><div class=\"fdm-item-price-wrapper\">\n\t\t\t<div class=\"fdm-item-price\">28,50 \u20ac<\/div>\n\t<\/div>\n<div class=\"fdm-item-content\">\n\t<p>Asperges blanches, mayonnaise au citron et aux herbes, amandes grill\u00e9es<br \/>\n~<br \/>\n\u00c9paule d\u2019agneau cuisson lente, pur\u00e9e de c\u00e9leri-rave, Bimi, jus \u00e0 l\u2019agneau, relish \u00e0 la menthe<br \/>\n~<br \/>\n<em>(S\u00e9lection de fromages locaux, chutney, salade - Suppl\u00e9ment 9\u20ac)<\/em><br \/>\n~<br \/>\nPanna cotta au miel, fraises r\u00f4ties<\/p>\n<\/div>\n\t\t\t<div class=\"clearfix\"><\/div>\n\t\t<\/div>\n\n\t\t\n\t\t<\/li>\n\t\n\n\n\t\t<li class=\"fdm-item\" data-postid=\"13136\" data-section=\"83\" data-timeadded=\"1715036586\">\n\t\n\t\t\n\t\t<div class=\"fdm-item-panel\">\n\n\t\t\t<p class=\"fdm-item-title\">La Carte<\/p><div class=\"fdm-item-content\">\n\t<p><!-- wp:paragraph --><\/p>\n<p><strong><em>Entr\u00e9es:<\/em><\/strong><br \/>Saint-Jacques po\u00eal\u00e9es, radis Daikon, sauce croquante aux cacahu\u00e8tes et au citron vert, pickles doux de betterave Chioggia - 15\u20ac<\/p>\n<p><!-- \/wp:paragraph --><\/p>\n<p><!-- wp:paragraph --><\/p>\n<p><strong><em>Plats:<\/em><\/strong><br \/>Filet de saumon po\u00eal\u00e9, chou-fleur et fenouil r\u00f4tis, pur\u00e9e de haricots blancs, salsa \u00e0 l\u2019ananas grill\u00e9 - 22\u20ac<\/p>\n<p>Filet de boeuf grill\u00e9, frites maison \u201cCaillau\u201d et choix de sauce - 28,50\u20ac<\/p>\n<p><!-- \/wp:paragraph --><\/p>\n<p><!-- wp:paragraph --><\/p>\n<p><strong><em>Desserts:<\/em><\/strong><br \/>Cheesecake semifreddo au chocolat blanc et aux fruits de la passion - 12\u20ac<\/p>\n<p>S\u00e9lection de fromages locaux, chutney, salade - 9\u20ac<\/p>\n<p><!-- \/wp:paragraph --><\/p>\n<\/div>\n\t\t\t<div class=\"clearfix\"><\/div>\n\t\t<\/div>\n\n\t\t\n\t\t<\/li>\n\t\n\n<\/ul>\n\t<\/li>\n\n\n<\/ul>\n\n<\/div> <!-- fdm-the-menu -->\n\n<div class=\"clearfix\"><\/div>\n\n<div class='fdm-details-div fdm-hidden'>\n\t<div class='fdm-details-div-inside'>\n\t\t<div class='fdm-details-div-content'><\/div>\n\t\t<div class='fdm-details-div-exit'>x<\/div>\n\t<\/div>\n<\/div>\n<div class='fdm-details-background-div fdm-hidden'><\/div>\n\n<\/div><h2 class=\"tabtitle\">Caf\u00e9<\/h2>\n<div class=\"tabcontent\">\n<style>.fdm-section-header p { display: none; }<\/style>\n\n\n<div class=\"fdm-menu-filtering\">\n\t<\/div>\n\n<div class=\"fdm-the-menu\">\n\n\n\n<ul id=\"fdm-menu-2\" class=\"fdm-menu fdm-menu-404 fdm-menu-classic fdm-menu-sidebar- fdm-columns-2 fdm-layout-classic clearfix\">\n\n\n\t<li class=\"fdm-column fdm-column-0\">\n\n\t<ul  class=\"fdm-section fdm-sectionid-60 fdm-section-cafes fdm-section-four fdm-section-0\">\n\t<li class=\"fdm-section-header\" id=\"fdm-section-header-cafes\">\n\n\t\t\t\t\n\t\t\n\t\t\t\t\t<h3 class=''>Caf\u00e9s &amp; Th\u00e9s<\/h3>\n\t\t\n\t\t\n\t\t\n\t<\/li>\n\t\n\t\t<li class=\"fdm-item fdm-item-has-price\" data-postid=\"12671\" data-section=\"60\" data-timeadded=\"1688572951\">\n\t\n\t\t\n\t\t<div class=\"fdm-item-panel\">\n\n\t\t\t<p class=\"fdm-item-title\">Caf\u00e9<\/p><div class=\"fdm-item-price-wrapper\">\n\t\t\t<div class=\"fdm-item-price\">~<\/div>\n\t\t\t<div class=\"fdm-item-price\">4,00 \u20ac<\/div>\n\t\t\t<div class=\"fdm-item-price\">3,00 \u20ac<\/div>\n\t\t\t<div class=\"fdm-item-price\">1,80 \u20ac<\/div>\n\t\t\t<div class=\"fdm-item-price\">3,50 \u20ac<\/div>\n\t\t\t<div class=\"fdm-item-price\">2,00 \u20ac<\/div>\n\t\t\t<div class=\"fdm-item-price\">3,00 \u20ac<\/div>\n\t\t\t<div class=\"fdm-item-price\">4,00 \u20ac<\/div>\n\t<\/div>\n<div class=\"fdm-item-content\">\n\t<p>Cappucino \/ Grand Cr\u00e8me<br \/>\nPetit Cr\u00e8me<br \/>\nSingle Espresso<br \/>\nDouble Espresso<br \/>\nNoisette<br \/>\nAmericano<br \/>\nHot Chocolate<\/p>\n<\/div>\n\t\t\t<div class=\"clearfix\"><\/div>\n\t\t<\/div>\n\n\t\t\n\t\t<\/li>\n\t\n\n\n\t\t<li class=\"fdm-item fdm-item-has-price\" data-postid=\"3071\" data-section=\"60\" data-timeadded=\"1531245359\">\n\t\n\t\t\n\t\t<div class=\"fdm-item-panel\">\n\n\t\t\t<p class=\"fdm-item-title\">Th\u00e9<\/p><div class=\"fdm-item-price-wrapper\">\n\t\t\t<div class=\"fdm-item-price\">4,00 \u20ac<\/div>\n\t<\/div>\n\n\t\t\t<div class=\"clearfix\"><\/div>\n\t\t<\/div>\n\n\t\t\n\t\t<\/li>\n\t\n\n<\/ul><ul  class=\"fdm-section fdm-sectionid-66 fdm-section-boissons fdm-section-four fdm-section-1\">\n\t<li class=\"fdm-section-header\" id=\"fdm-section-header-boissons\">\n\n\t\t\t\t\n\t\t\n\t\t\t\t\t<h3 class=''>Boissons sans alcool, Vin &amp; Bi\u00e8re<\/h3>\n\t\t\n\t\t\n\t\t\n\t<\/li>\n\t\n\t\t<li class=\"fdm-item fdm-item-has-price\" data-postid=\"525\" data-section=\"66\" data-timeadded=\"1498144446\">\n\t\n\t\t\n\t\t<div class=\"fdm-item-panel\">\n\n\t\t\t<p class=\"fdm-item-title\">Boissons fra\u00eeches<\/p><div class=\"fdm-item-price-wrapper\">\n\t\t\t<div class=\"fdm-item-price\">~<\/div>\n\t\t\t<div class=\"fdm-item-price\">4,00 \u20ac<\/div>\n\t\t\t<div class=\"fdm-item-price\">4,00 \u20ac<\/div>\n\t\t\t<div class=\"fdm-item-price\">4,00 \u20ac<\/div>\n\t\t\t<div class=\"fdm-item-price\">2,50 \u20ac<\/div>\n\t\t\t<div class=\"fdm-item-price\">4,00\/6,50 \u20ac<\/div>\n\t\t\t<div class=\"fdm-item-price\">4,50\/7,00 \u20ac<\/div>\n\t\t\t<div class=\"fdm-item-price\">4,50 \u20ac<\/div>\n\t<\/div>\n<div class=\"fdm-item-content\">\n\t<p>Coca-Cola \/ Coke zero<br \/>\nLimonade\/Orangina\/Ice tea<br \/>\nJus de fruits orange\/pomme<br \/>\nSirop<br \/>\nEvian 50cl\/1l<br \/>\nSan Pellegrino 50cl\/ 1l<br \/>\nSchweppes Tonic Water<\/p>\n<\/div>\n\t\t\t<div class=\"clearfix\"><\/div>\n\t\t<\/div>\n\n\t\t\n\t\t<\/li>\n\t\n\n\n\t\t<li class=\"fdm-item fdm-item-has-price\" data-postid=\"518\" data-section=\"66\" data-timeadded=\"1498137884\">\n\t\n\t\t\n\t\t<div class=\"fdm-item-panel\">\n\n\t\t\t<p class=\"fdm-item-title\">Vin de pays<\/p><div class=\"fdm-item-price-wrapper\">\n\t\t\t<div class=\"fdm-item-price\">~<\/div>\n\t\t\t<div class=\"fdm-item-price\">4,50 \u20ac<\/div>\n\t\t\t<div class=\"fdm-item-price\">6,50 \u20ac<\/div>\n\t\t\t<div class=\"fdm-item-price\">12,00 \u20ac<\/div>\n\t\t\t<div class=\"fdm-item-price\">24,00 \u20ac<\/div>\n\t\t\t<div class=\"fdm-item-price\">6,50 \u20ac<\/div>\n\t\t\t<div class=\"fdm-item-price\">6,50 \u20ac<\/div>\n\t\t\t<div class=\"fdm-item-price\">8,00 \u20ac<\/div>\n\t\t\t<div class=\"fdm-item-price\">12,00 \u20ac<\/div>\n\t<\/div>\n<div class=\"fdm-item-content\">\n\t<p>Verre<br \/>\n\u00bcl<br \/>\n\u00bdl<br \/>\n1l<br \/>\nException Ch\u00e2teau Gaudou Verre<br \/>\nKir<br \/>\nKir Exception<br \/>\nKir Royale<\/p>\n<\/div>\n\t\t\t<div class=\"clearfix\"><\/div>\n\t\t<\/div>\n\n\t\t\n\t\t<\/li>\n\t\n\n\n\t\t<li class=\"fdm-item fdm-item-has-price\" data-postid=\"531\" data-section=\"66\" data-timeadded=\"1498144522\">\n\t\n\t\t\n\t\t<div class=\"fdm-item-panel\">\n\n\t\t\t<p class=\"fdm-item-title\">Biere<\/p><div class=\"fdm-item-price-wrapper\">\n\t\t\t<div class=\"fdm-item-price\">~<\/div>\n\t\t\t<div class=\"fdm-item-price\">4,50\/5,50 \u20ac<\/div>\n\t\t\t<div class=\"fdm-item-price\">4,25\/5,25 \u20ac<\/div>\n\t\t\t<div class=\"fdm-item-price\">5,50 \u20ac<\/div>\n\t\t\t<div class=\"fdm-item-price\">5,50 \u20ac<\/div>\n\t\t\t<div class=\"fdm-item-price\">4,50 \u20ac<\/div>\n\t\t\t<div class=\"fdm-item-price\">4,00 \u20ac<\/div>\n\t<\/div>\n<div class=\"fdm-item-content\">\n\t<p>Leffe pression 25cl\/33cl<br \/>\nStella Artois pression 25cl\/33cl<br \/>\nKronenbourg 1664 sans alcool 33cl<br \/>\nMalteo IPA 33cl, (bi\u00e8re de Lot et Garonne)<br \/>\nPanach\u00e9<br \/>\nCidre brut (25cl bouteille)<\/p>\n<\/div>\n\t\t\t<div class=\"clearfix\"><\/div>\n\t\t<\/div>\n\n\t\t\n\t\t<\/li>\n\t\n\n<\/ul>\n\t<\/li>\n\n\n\t<li class=\"fdm-column fdm-column-1 fdm-column-last\">\n\n\t<ul  class=\"fdm-section fdm-sectionid-58 fdm-section-gateaux fdm-section-four fdm-section-2\">\n\t<li class=\"fdm-section-header\" id=\"fdm-section-header-gateaux\">\n\n\t\t\t\t\n\t\t\n\t\t\t\t\t<h3 class=''>G\u00e2teaux<\/h3>\n\t\t\n\t\t\n\t\t\n\t<\/li>\n\t\n\t\t<li class=\"fdm-item fdm-item-has-price\" data-postid=\"3082\" data-section=\"58\" data-timeadded=\"1531245572\">\n\t\n\t\t\n\t\t<div class=\"fdm-item-panel\">\n\n\t\t\t<p class=\"fdm-item-title\">Cheesecake<\/p><div class=\"fdm-item-price-wrapper\">\n\t\t\t<div class=\"fdm-item-price\">6,50 \u20ac<\/div>\n\t<\/div>\n\n\t\t\t<div class=\"clearfix\"><\/div>\n\t\t<\/div>\n\n\t\t\n\t\t<\/li>\n\t\n\n\n\t\t<li class=\"fdm-item fdm-item-has-price\" data-postid=\"3086\" data-section=\"58\" data-timeadded=\"1531245615\">\n\t\n\t\t\n\t\t<div class=\"fdm-item-panel\">\n\n\t\t\t<p class=\"fdm-item-title\">Tarte St-Cl\u00e9ment<\/p><div class=\"fdm-item-price-wrapper\">\n\t\t\t<div class=\"fdm-item-price\">5,50 \u20ac<\/div>\n\t<\/div>\n<div class=\"fdm-item-content\">\n\t<p>Tarte \u00e0 l'orange et au citron sur une p\u00e2te cacaot\u00e9e<\/p>\n<\/div>\n\t\t\t<div class=\"clearfix\"><\/div>\n\t\t<\/div>\n\n\t\t\n\t\t<\/li>\n\t\n\n\n\t\t<li class=\"fdm-item fdm-item-has-price\" data-postid=\"456\" data-section=\"58\" data-timeadded=\"1498116268\">\n\t\n\t\t\n\t\t<div class=\"fdm-item-panel\">\n\n\t\t\t<p class=\"fdm-item-title\">Muffin aux myrtilles<\/p><div class=\"fdm-item-price-wrapper\">\n\t\t\t<div class=\"fdm-item-price\">4,50 \u20ac<\/div>\n\t<\/div>\n\n\t\t\t<div class=\"clearfix\"><\/div>\n\t\t<\/div>\n\n\t\t\n\t\t<\/li>\n\t\n\n\n\t\t<li class=\"fdm-item fdm-item-has-price\" data-postid=\"3080\" data-section=\"58\" data-timeadded=\"1531245537\">\n\t\n\t\t\n\t\t<div class=\"fdm-item-panel\">\n\n\t\t\t<p class=\"fdm-item-title\">G\u00e2teaux du jour<\/p><div class=\"fdm-item-price-wrapper\">\n\t\t\t<div class=\"fdm-item-price\">4,50 \u20ac<\/div>\n\t<\/div>\n<div class=\"fdm-item-content\">\n\t<p>Veuillez voir l\u2019ardoise pour les g\u00e2teaux du jour\u2026<\/p>\n<\/div>\n\t\t\t<div class=\"clearfix\"><\/div>\n\t\t<\/div>\n\n\t\t\n\t\t<\/li>\n\t\n\n<\/ul><ul  class=\"fdm-section fdm-sectionid-64 fdm-section-petits-plats-fr fdm-section-four fdm-section-3\">\n\t<li class=\"fdm-section-header\" id=\"fdm-section-header-petits-plats-fr\">\n\n\t\t\t\t\n\t\t\n\t\t\t\t\t<h3 class=''>Petits plats<\/h3>\n\t\t\n\t\t\n\t\t\n\t<\/li>\n\t\n\t\t<li class=\"fdm-item fdm-item-has-price\" data-postid=\"508\" data-section=\"64\" data-timeadded=\"1498137201\">\n\t\n\t\t\n\t\t<div class=\"fdm-item-panel\">\n\n\t\t\t<p class=\"fdm-item-title\">Assiette\u00a0de charcuterie avec chutney Le Caillau<\/p><div class=\"fdm-item-price-wrapper\">\n\t\t\t<div class=\"fdm-item-price\">8,00 \u20ac<\/div>\n\t<\/div>\n\n\t\t\t<div class=\"clearfix\"><\/div>\n\t\t<\/div>\n\n\t\t\n\t\t<\/li>\n\t\n\n\n\t\t<li class=\"fdm-item fdm-item-has-price\" data-postid=\"500\" data-section=\"64\" data-timeadded=\"1498137001\">\n\t\n\t\t\n\t\t<div class=\"fdm-item-panel\">\n\n\t\t\t<p class=\"fdm-item-title\">Assiette\u00a0de fromages avec chutney Le Caillau<\/p><div class=\"fdm-item-price-wrapper\">\n\t\t\t<div class=\"fdm-item-price\">8,00 \u20ac<\/div>\n\t<\/div>\n\n\t\t\t<div class=\"clearfix\"><\/div>\n\t\t<\/div>\n\n\t\t\n\t\t<\/li>\n\t\n\n\n\t\t<li class=\"fdm-item fdm-item-has-price\" data-postid=\"491\" data-section=\"64\" data-timeadded=\"1498136822\">\n\t\n\t\t\n\t\t<div class=\"fdm-item-panel\">\n\n\t\t\t<p class=\"fdm-item-title\">Salade mixte<\/p><div class=\"fdm-item-price-wrapper\">\n\t\t\t<div class=\"fdm-item-price\">4,50 \u20ac<\/div>\n\t<\/div>\n\n\t\t\t<div class=\"clearfix\"><\/div>\n\t\t<\/div>\n\n\t\t\n\t\t<\/li>\n\t\n\n\n\t\t<li class=\"fdm-item fdm-item-has-price\" data-postid=\"498\" data-section=\"64\" data-timeadded=\"1498136914\">\n\t\n\t\t\n\t\t<div class=\"fdm-item-panel\">\n\n\t\t\t<p class=\"fdm-item-title\">Assiette grignotage (2 personnes): charcuterie, fromage, olives, salade  pickles et chutney maison<\/p><div class=\"fdm-item-price-wrapper\">\n\t\t\t<div class=\"fdm-item-price\">16,00 \u20ac<\/div>\n\t<\/div>\n\n\t\t\t<div class=\"clearfix\"><\/div>\n\t\t<\/div>\n\n\t\t\n\t\t<\/li>\n\t\n\n\n\t\t<li class=\"fdm-item fdm-item-has-price\" data-postid=\"506\" data-section=\"64\" data-timeadded=\"1498137111\">\n\t\n\t\t\n\t\t<div class=\"fdm-item-panel\">\n\n\t\t\t<p class=\"fdm-item-title\">Frites maison<\/p><div class=\"fdm-item-price-wrapper\">\n\t\t\t<div class=\"fdm-item-price\">5,00 \u20ac<\/div>\n\t<\/div>\n\n\t\t\t<div class=\"clearfix\"><\/div>\n\t\t<\/div>\n\n\t\t\n\t\t<\/li>\n\t\n\n<\/ul>\n\t<\/li>\n\n\n<\/ul>\n\n<\/div> <!-- fdm-the-menu -->\n\n<div class=\"clearfix\"><\/div>\n\n<div class='fdm-details-div fdm-hidden'>\n\t<div class='fdm-details-div-inside'>\n\t\t<div class='fdm-details-div-content'><\/div>\n\t\t<div class='fdm-details-div-exit'>x<\/div>\n\t<\/div>\n<\/div>\n<div class='fdm-details-background-div fdm-hidden'><\/div>\n\n<\/div><h2 class=\"tabtitle\">Carte des vins<\/h2>\n<div class=\"tabcontent\">\n\nNos vins proviennent essentiellement de la r\u00e9gion de Cahors. C\u2019est bien l\u00e9gitime&nbsp;! Notre cave abrite des vins rouges go\u00fbtus et des blancs et des ros\u00e9s \u00e0 la note fra\u00eeche en accord parfait avec toutes nos sp\u00e9cialit\u00e9s.<\/p>\n<p>Trouver des vins de qualit\u00e9 pour accompagner nos plats a \u00e9t\u00e9 un jeu d\u2019enfant. D\u00e8s qu\u2019un vin nous plait, il rejoint notre cave&nbsp;! La majorit\u00e9 de nos vins ont \u00e9t\u00e9 \u00e9labor\u00e9s \u00e0 partir des grappes visibles depuis notre domaine. Cela dit, notre carte en comporte d\u2019autres dont les vignes seront invisibles \u00e0 l\u2019\u0153il nu.<br \/>\nNous vous proposons par exemple une s\u00e9lection d\u2019excellents vins rouges de Cahors AOC (Clos Triguedina, Ch\u00e2teau C\u00e8dre, Clos la Coutale, Ch\u00e2teau de Gaudou). D\u00e9couvrez aussi d\u2019autres vins moins connus \u2013 mais tout aussi merveilleux \u2013 provenant de petits domaines comme Clos d\u2019un Jour, Cosse-Maisonneuve ou Ch\u00e2teau de la Gineste<\/p>\n<p>Vins de Cahors (Rouge) :<br \/>\nCosse et Maisonneuve Cheval en T\u00eate 2021 (vin bio)<br \/>\nCh\u00e2teau Combel-la-Serre Au Cerisier 2020 (vin bio)<br \/>\nVin de table de Cahors : Ch\u00e2teau Nozi\u00e8res<\/p>\n<p>Autres r\u00e9gions (Rouge):<br \/>\nDomaine Foillard Morgon Classique Beaujolais 2020<br \/>\nAOC Morgon (Gamay)<br \/>\nClos du Mont Olivet Rh\u00f4ne Sud Lirac 2019<br \/>\nAOC Lirac (Grenache, Syrah, Mourvedre)<\/p>\n<p>Cahors et autres r\u00e9gions (Ros\u00e9)<br \/>\nDomaine de Peyra Cent Pourcent Gris 2020<br \/>\nIGP Pays d\u2019Oc (Grenache)<br \/>\nVin de table de Cahors : Ch\u00e2teau Nozi\u00e8res<\/p>\n<p>Cahors et autres r\u00e9gions (Blanc)<br \/>\nClos Marie Manon Blanc 2019 Languedoc<br \/>\nAOC Pic Saint Loup (Grenache, Roussane, Carignan, Maccabeu)<br \/>\nClos des Pins Graves Blanc 2020 Bordeaux<br \/>\nAOC Graves (Muscadelle, Semillon, Sauvignon)<br \/>\nCh\u00e2teau Latuc l\u2019Esprit de Latuc 2021<br \/>\nIGP C\u00f4tes du Lot (S\u00e9millon Chardonnay)<br \/>\nVin de table de Cahors :<\/p>\n<p>ROUGES (75cl):<br \/>\nLe Caillau 2018<br \/>\nCh\u00e2teau Combel-laSerre Au Cerisier 2020 (vin bio)<br \/>\nCh\u00e2teau Lamartine Cuv\u00e9e Particuli\u00e8re (vin bio) 2018 (75cl),2019 (37,5cl)<br \/>\nCh\u00e2teau Chambert La Causse 2016 (vin bio)<br \/>\nClos Triguedina Petit Clos 2018<br \/>\nClos d\u2019Audhuy La Pompette 2020 (vin naturel)<br \/>\nCh\u00e2teau du C\u00e8dre Extra Libre 2020 (vin bio, sans sulfites)<br \/>\nClos la Coutale 2020 (37,5cl)\/2020 (75cl)<br \/>\nCh\u00e2teau de Gaudou Sang de ma terre 2020 (vin bio)<br \/>\nCh\u00e2teau Nozi\u00e8res Ambroise de l&#8217;Her 2019<br \/>\nCh\u00e2teau Les Croisille Silice 2020 (vin bio)<br \/>\nClos d\u2019un jour \u201cUn jour\u201d 2016 (vin bio)<br \/>\nCh\u00e2teau Pineraie 2019<br \/>\nCh\u00e2teau Haut-Monplaisir 2019 (vin bio)<br \/>\nCh\u00e2teau Hauterive Prestige 2018<br \/>\nCh\u00e2teau Latuc Prestige 2018 (50cl)\/2018 (75cl)<br \/>\nCosse et Maisonneuve Cheval en T\u00eate 2021 (vin bio)<br \/>\nCh\u00e2teau la Gineste, Secrets de la Gineste 2016 (vin bio)<br \/>\nCh\u00e2teau Famaey F\u00fbt de Ch\u00eane 2018<\/p>\n<p>ROS\u00c9S: (75cl)<br \/>\nCh\u00e2teau Nozi\u00e8res Le Gravis 2020<br \/>\nCh\u00e2teau Chambert Biodynamite Ros\u00e9 2020<br \/>\nCh\u00e2teau Combel-la-Serre l\u2019\u00c9patant Antidote 2021 (vin bio)<br \/>\nDomaine de Peyra Cent pourcent Gris 2020, IGP Pays d\u2019Oc<\/p>\n<p>BLANCS SECS: (75cl)<br \/>\nCosse et Maisonneuve Cheval en T\u00eate blanc 2021 (vin bio, ugni blanc)<br \/>\nChateau Nozi\u00e8res Clin d\u2019Oeil 2021 (sauvignon chardonnay)<br \/>\nCh\u00e2teau Combel-la-Serre L\u2019\u00c9l\u00e9phant blanc 2021 (vin bio, vermentino)<br \/>\nCh\u00e2teau Latuc l\u2019Esprit de Latuc 2021 (s\u00e9millon chardonnay)<br \/>\nClos Marie Manon Blanc 2019 Languedoc (roussane, grenache)<br \/>\nClos des Pins Graves Blanc 2020 Bordeaux (muscadelle)<\/p>\n<p>BLANCS DOUX: (75cl)<br \/>\nCh\u00e2teau de Gaudou La Charmeuse 2019<br \/>\nCh\u00e2teau de Gaudou La Charmeuse 2019 (verre)<br \/>\nDomaine de l\u2019Ancienne Cure Jour de Fruit 2019 Bergerac<br \/>\nDomaine de l\u2019Ancienne Cure Jour de Fruit 2019 Bergerac (verre)<\/p>\n<p>P\u00c9TILLANTS:<br \/>\nException de Ch\u00e2teau Gaudou (verre\/ 75cl)<br \/>\nChampagne Guy Faucheret (verre\/37,5cl\/75cl)<\/p>\n<p>VINS DE PAYS:<\/p>\n<p>Rouge\/ros\u00e9\/blanc: Ch\u00e2teau Nozi\u00e8res (rouge et ros\u00e9)<\/p>\n<\/div><\/div>\n<\/div>\n","protected":false},"excerpt":{"rendered":"<p>Nos vins proviennent essentiellement de la r\u00e9gion de Cahors. C\u2019est bien l\u00e9gitime&nbsp;! Notre cave abrite des vins rouges go\u00fbtus et des blancs et des ros\u00e9s \u00e0 la note fra\u00eeche en accord parfait avec toutes nos sp\u00e9cialit\u00e9s. Trouver des vins de qualit\u00e9 pour accompagner nos plats a \u00e9t\u00e9 un jeu d\u2019enfant. D\u00e8s qu\u2019un vin nous plait, [&hellip;]<\/p>\n","protected":false},"author":1,"featured_media":0,"parent":0,"menu_order":0,"comment_status":"closed","ping_status":"closed","template":"","meta":{"_genesis_hide_title":false,"_genesis_hide_breadcrumbs":false,"_genesis_hide_singular_image":false,"_genesis_hide_footer_widgets":false,"_genesis_custom_body_class":"","_genesis_custom_post_class":"","_genesis_layout":"","ngg_post_thumbnail":0},"_links":{"self":[{"href":"http:\/\/www.lecaillau.com\/fr\/wp-json\/wp\/v2\/pages\/2039"}],"collection":[{"href":"http:\/\/www.lecaillau.com\/fr\/wp-json\/wp\/v2\/pages"}],"about":[{"href":"http:\/\/www.lecaillau.com\/fr\/wp-json\/wp\/v2\/types\/page"}],"author":[{"embeddable":true,"href":"http:\/\/www.lecaillau.com\/fr\/wp-json\/wp\/v2\/users\/1"}],"replies":[{"embeddable":true,"href":"http:\/\/www.lecaillau.com\/fr\/wp-json\/wp\/v2\/comments?post=2039"}],"version-history":[{"count":11,"href":"http:\/\/www.lecaillau.com\/fr\/wp-json\/wp\/v2\/pages\/2039\/revisions"}],"predecessor-version":[{"id":13595,"href":"http:\/\/www.lecaillau.com\/fr\/wp-json\/wp\/v2\/pages\/2039\/revisions\/13595"}],"wp:attachment":[{"href":"http:\/\/www.lecaillau.com\/fr\/wp-json\/wp\/v2\/media?parent=2039"}],"curies":[{"name":"wp","href":"https:\/\/api.w.org\/{rel}","templated":true}]}}