{"id":2125,"date":"2017-11-10T11:15:39","date_gmt":"2017-11-10T10:15:39","guid":{"rendered":"http:\/\/dev-le-caillau.pantheonsite.io\/our-kitchen\/"},"modified":"2024-05-08T09:29:23","modified_gmt":"2024-05-08T07:29:23","slug":"our-kitchen","status":"publish","type":"page","link":"http:\/\/www.lecaillau.com\/fr\/our-kitchen\/","title":{"rendered":"Place to relax"},"content":{"rendered":"<h2>Un lieu de d\u00e9tente<\/h2>\n<p>Que votre s\u00e9jour s\u2019\u00e9tende sur une semaine ou que votre \u00e9tape ne dure que quelques heures, un seul mot d\u2019ordre : D\u00e9tente ! Le Caillau a pr\u00e9vu des activit\u00e9s pour tous les go\u00fbts. Le caf\u00e9 propose des g\u00e2teaux faits maison tout au long de la journ\u00e9e, pour vous r\u00e9galer d\u2019un caf\u00e9 gourmand, d\u2019une tasse de th\u00e9 ou de caf\u00e9, ou d\u2019un verre de vin ou de bi\u00e8re. \u00c0 l\u2019atelier de poterie, enfants et parents pourront lib\u00e9rer leur cr\u00e9ativit\u00e9 et fabriquer un joli souvenir \u00e0 ramener chez eux.<\/p>\n","protected":false},"excerpt":{"rendered":"<p>Un lieu de d\u00e9tente Que votre s\u00e9jour s\u2019\u00e9tende sur une semaine ou que votre \u00e9tape ne dure que quelques heures, un seul mot d\u2019ordre : D\u00e9tente ! Le Caillau a pr\u00e9vu des activit\u00e9s pour tous les go\u00fbts. Le caf\u00e9 propose des g\u00e2teaux faits maison tout au long de la journ\u00e9e, pour vous r\u00e9galer d\u2019un caf\u00e9 [&hellip;]<\/p>\n","protected":false},"author":1,"featured_media":13071,"parent":0,"menu_order":0,"comment_status":"closed","ping_status":"closed","template":"","meta":{"_genesis_hide_title":false,"_genesis_hide_breadcrumbs":false,"_genesis_hide_singular_image":false,"_genesis_hide_footer_widgets":false,"_genesis_custom_body_class":"","_genesis_custom_post_class":"","_genesis_layout":"","ngg_post_thumbnail":0},"_links":{"self":[{"href":"http:\/\/www.lecaillau.com\/fr\/wp-json\/wp\/v2\/pages\/2125"}],"collection":[{"href":"http:\/\/www.lecaillau.com\/fr\/wp-json\/wp\/v2\/pages"}],"about":[{"href":"http:\/\/www.lecaillau.com\/fr\/wp-json\/wp\/v2\/types\/page"}],"author":[{"embeddable":true,"href":"http:\/\/www.lecaillau.com\/fr\/wp-json\/wp\/v2\/users\/1"}],"replies":[{"embeddable":true,"href":"http:\/\/www.lecaillau.com\/fr\/wp-json\/wp\/v2\/comments?post=2125"}],"version-history":[{"count":2,"href":"http:\/\/www.lecaillau.com\/fr\/wp-json\/wp\/v2\/pages\/2125\/revisions"}],"predecessor-version":[{"id":13139,"href":"http:\/\/www.lecaillau.com\/fr\/wp-json\/wp\/v2\/pages\/2125\/revisions\/13139"}],"wp:featuredmedia":[{"embeddable":true,"href":"http:\/\/www.lecaillau.com\/fr\/wp-json\/wp\/v2\/media\/13071"}],"wp:attachment":[{"href":"http:\/\/www.lecaillau.com\/fr\/wp-json\/wp\/v2\/media?parent=2125"}],"curies":[{"name":"wp","href":"https:\/\/api.w.org\/{rel}","templated":true}]}}