{"id":2128,"date":"2017-11-10T11:30:48","date_gmt":"2017-11-10T10:30:48","guid":{"rendered":"http:\/\/dev-le-caillau.pantheonsite.io\/a-place-to-relax\/"},"modified":"2026-02-26T10:43:36","modified_gmt":"2026-02-26T09:43:36","slug":"a-place-to-relax","status":"publish","type":"page","link":"http:\/\/www.lecaillau.com\/fr\/a-place-to-relax\/","title":{"rendered":"A place to eat"},"content":{"rendered":"<h2>Notre cuisine<\/h2>\n<p>Envie d\u2019une petite collation ou d\u2019un repas complet ? Vous aurez le choix ! Notre formule vous propose des plats \u00e9labor\u00e9s \u00e0 partir d\u2019ingr\u00e9dients frais, de saison et d\u2019herbes aromatiques et de fruits cultiv\u00e9s dans notre propre jardin. Renouvel\u00e9e chaque mois elle comprend une entr\u00e9e, un plat et un dessert, et nous proposons aussi de le filet de boeuf et nos frites maison \u00e0 triple cuisson. Une s\u00e9lection d\u2019assiettes de charcuterie, de fromages locaux, accompagn\u00e9es de salade, de frites et de g\u00e2teaux est disponible tout au long de la journ\u00e9e.<\/p>\n","protected":false},"excerpt":{"rendered":"<p>Notre cuisine Envie d\u2019une petite collation ou d\u2019un repas complet ? Vous aurez le choix ! Notre formule vous propose des plats \u00e9labor\u00e9s \u00e0 partir d\u2019ingr\u00e9dients frais, de saison et d\u2019herbes aromatiques et de fruits cultiv\u00e9s dans notre propre jardin. Renouvel\u00e9e chaque mois elle comprend une entr\u00e9e, un plat et un dessert, et nous proposons [&hellip;]<\/p>\n","protected":false},"author":1,"featured_media":13141,"parent":0,"menu_order":0,"comment_status":"closed","ping_status":"closed","template":"","meta":{"_genesis_hide_title":false,"_genesis_hide_breadcrumbs":false,"_genesis_hide_singular_image":false,"_genesis_hide_footer_widgets":false,"_genesis_custom_body_class":"","_genesis_custom_post_class":"","_genesis_layout":"","ngg_post_thumbnail":0},"_links":{"self":[{"href":"http:\/\/www.lecaillau.com\/fr\/wp-json\/wp\/v2\/pages\/2128"}],"collection":[{"href":"http:\/\/www.lecaillau.com\/fr\/wp-json\/wp\/v2\/pages"}],"about":[{"href":"http:\/\/www.lecaillau.com\/fr\/wp-json\/wp\/v2\/types\/page"}],"author":[{"embeddable":true,"href":"http:\/\/www.lecaillau.com\/fr\/wp-json\/wp\/v2\/users\/1"}],"replies":[{"embeddable":true,"href":"http:\/\/www.lecaillau.com\/fr\/wp-json\/wp\/v2\/comments?post=2128"}],"version-history":[{"count":4,"href":"http:\/\/www.lecaillau.com\/fr\/wp-json\/wp\/v2\/pages\/2128\/revisions"}],"predecessor-version":[{"id":13776,"href":"http:\/\/www.lecaillau.com\/fr\/wp-json\/wp\/v2\/pages\/2128\/revisions\/13776"}],"wp:featuredmedia":[{"embeddable":true,"href":"http:\/\/www.lecaillau.com\/fr\/wp-json\/wp\/v2\/media\/13141"}],"wp:attachment":[{"href":"http:\/\/www.lecaillau.com\/fr\/wp-json\/wp\/v2\/media?parent=2128"}],"curies":[{"name":"wp","href":"https:\/\/api.w.org\/{rel}","templated":true}]}}