{"id":2130,"date":"2018-04-17T16:15:14","date_gmt":"2018-04-17T14:15:14","guid":{"rendered":"http:\/\/dev-le-caillau.pantheonsite.io\/?page_id=2130"},"modified":"2024-05-08T09:36:43","modified_gmt":"2024-05-08T07:36:43","slug":"stay-with-us-2","status":"publish","type":"page","link":"http:\/\/www.lecaillau.com\/fr\/stay-with-us-2\/","title":{"rendered":"Stay with us"},"content":{"rendered":"<h2>Un agr\u00e9able s\u00e9jour<\/h2>\n<p>Construit au 18\u00e8me si\u00e8cle et largement r\u00e9nov\u00e9 depuis, Le Caillau charmera ses occupants par son confort et sa d\u00e9coration \u00e0 la fois moderne et \u00e9l\u00e9gante. Notre appartement de luxe poss\u00e8de ses terrasses privatives, le lit est de bonne taille \u00ab king size \u00bb, cuisine et salle de bains sont dot\u00e9s de tous les \u00e9quipements modernes, du wi-fi et son grand jardin donne sur le vignoble. \u00c0 quelques m\u00e8tres, le Caf\u00e9 &amp; Boutique vous attendent, l\u2019atelier permettra aux enfants de s\u2019adonner \u00e0 la peinture sur poterie et de s\u2019amuser dans la piscine priv\u00e9e et au terrain de jeux.<\/p>\n","protected":false},"excerpt":{"rendered":"<p>Un agr\u00e9able s\u00e9jour Construit au 18\u00e8me si\u00e8cle et largement r\u00e9nov\u00e9 depuis, Le Caillau charmera ses occupants par son confort et sa d\u00e9coration \u00e0 la fois moderne et \u00e9l\u00e9gante. Notre appartement de luxe poss\u00e8de ses terrasses privatives, le lit est de bonne taille \u00ab king size \u00bb, cuisine et salle de bains sont dot\u00e9s de tous [&hellip;]<\/p>\n","protected":false},"author":1,"featured_media":1638,"parent":0,"menu_order":0,"comment_status":"closed","ping_status":"closed","template":"","meta":{"_genesis_hide_title":false,"_genesis_hide_breadcrumbs":false,"_genesis_hide_singular_image":false,"_genesis_hide_footer_widgets":false,"_genesis_custom_body_class":"","_genesis_custom_post_class":"","_genesis_layout":"","ngg_post_thumbnail":0},"_links":{"self":[{"href":"http:\/\/www.lecaillau.com\/fr\/wp-json\/wp\/v2\/pages\/2130"}],"collection":[{"href":"http:\/\/www.lecaillau.com\/fr\/wp-json\/wp\/v2\/pages"}],"about":[{"href":"http:\/\/www.lecaillau.com\/fr\/wp-json\/wp\/v2\/types\/page"}],"author":[{"embeddable":true,"href":"http:\/\/www.lecaillau.com\/fr\/wp-json\/wp\/v2\/users\/1"}],"replies":[{"embeddable":true,"href":"http:\/\/www.lecaillau.com\/fr\/wp-json\/wp\/v2\/comments?post=2130"}],"version-history":[{"count":6,"href":"http:\/\/www.lecaillau.com\/fr\/wp-json\/wp\/v2\/pages\/2130\/revisions"}],"predecessor-version":[{"id":13147,"href":"http:\/\/www.lecaillau.com\/fr\/wp-json\/wp\/v2\/pages\/2130\/revisions\/13147"}],"wp:featuredmedia":[{"embeddable":true,"href":"http:\/\/www.lecaillau.com\/fr\/wp-json\/wp\/v2\/media\/1638"}],"wp:attachment":[{"href":"http:\/\/www.lecaillau.com\/fr\/wp-json\/wp\/v2\/media?parent=2130"}],"curies":[{"name":"wp","href":"https:\/\/api.w.org\/{rel}","templated":true}]}}