{"id":2161,"date":"2018-04-20T15:15:57","date_gmt":"2018-04-20T13:15:57","guid":{"rendered":"http:\/\/dev-le-caillau.pantheonsite.io\/?page_id=2161"},"modified":"2024-05-08T10:32:47","modified_gmt":"2024-05-08T08:32:47","slug":"accommodation","status":"publish","type":"page","link":"http:\/\/www.lecaillau.com\/fr\/accommodation\/","title":{"rendered":"Accommodation"},"content":{"rendered":"<p>Id\u00e9alement nich\u00e9 au c\u0153ur du vignoble de Cahors, le luxueux appartement ind\u00e9pendant de deux chambres sera le point de chute parfait pour un s\u00e9jour en tous points r\u00e9ussi. Cet appartement, d\u00e9pendance d\u2019un domaine vinicole vieux de trois si\u00e8cles, charmera ses occupants par une d\u00e9coration \u00e0 la fois fid\u00e8le \u00e0 l\u2019histoire des lieux et \u00e0 des exigences de style et de qualit\u00e9 de tr\u00e8s haut niveau, comme en t\u00e9moigne l\u2019omnipr\u00e9sence de carrelage haut de gamme. Il poss\u00e8de sa propre entr\u00e9e, deux terrasses priv\u00e9es et un grand jardin agr\u00e9ment\u00e9 d\u2019une piscine chauff\u00e9e et d\u2019un jacuzzi. Et si vous n\u2019avez pas envie de vous pr\u00e9parer un petit espresso, le caf\u00e9 se trouve \u00e0 deux pas.<br \/>\n<div id=\"target-id69e4e6072fce9\" class=\"collapseomatic_content \">\nLa cuisine moderne, enti\u00e8rement \u00e9quip\u00e9e, met \u00e0 votre disposition un lave-vaisselle, un lave-linge et un four \u00e0 micro-ondes et s\u2019ouvre par une porte-fen\u00eatre sur une splendide terrasse. \u00c0 l\u2019int\u00e9rieur, les repas se prendront devant les flammes d\u2019un po\u00eale \u00e0 bois qui vous r\u00e9serve des soir\u00e9es douillettes. Le salon est \u00e9quip\u00e9 d\u2019un t\u00e9l\u00e9viseur connect\u00e9 \u00e0 Internet et permettant d\u2019acc\u00e9der \u00e0 Netflix, Amazon Prime et \u00e0 d\u2019autres plateformes de streaming. La salle de bains est \u00e9quip\u00e9e d\u2019une grande et luxueuse baignoire, d\u2019une douche \u00e0 l\u2019italienne, et propose des toilettes s\u00e9par\u00e9es. Au rez-de-chauss\u00e9e, une grande chambre \u00e0 coucher propose un lit de tr\u00e8s grande taille et des draps en coton d\u2019\u00c9gypte dans lesquels il fera bon se glisser. De la chambre, on acc\u00e8de par une porte-fen\u00eatre \u00e0 une terrasse privative, orient\u00e9e \u00e0 l\u2019ouest, offrant une vue imprenable sur le vignoble. On acc\u00e8de ensuite par l\u2019escalier \u00e0 une chambre plus petite, r\u00e9nov\u00e9e avec beaucoup de go\u00fbt et de soin, o\u00f9 les poutres d\u2019origine sont parfaitement conserv\u00e9es. Vous appr\u00e9cierez l\u2019air conditionn\u00e9 les mois d\u2019\u00e9t\u00e9 et le chauffage les mois d\u2019hiver. Et vous profiterez enfin de notre grand jardin privatif dot\u00e9 d\u2019une piscine chauff\u00e9e, d\u2019un jacuzzi pouvant accueillir 4 personnes et d\u2019un trampoline pour les enfants.<br \/>\n<\/div><span class=\"collapseomatic noarrow\" id=\"id69e4e6072fce9\"  tabindex=\"0\" title=\"LIRE PLUS +\"    >LIRE PLUS +<\/span><span id='swap-id69e4e6072fce9'  class='colomat-swap' style='display:none;'>MOINS -<\/span>\n<h4>Galerie<\/h4>\n<div class=\"ngg-pro-mosaic-container\" data-ngg-pro-mosaic-id=\"cbd056cc77a8be6099e491f33f10ab41\"><\/div>\n\n","protected":false},"excerpt":{"rendered":"<p>Id\u00e9alement nich\u00e9 au c\u0153ur du vignoble de Cahors, le luxueux appartement ind\u00e9pendant de deux chambres sera le point de chute parfait pour un s\u00e9jour en tous points r\u00e9ussi. Cet appartement, d\u00e9pendance d\u2019un domaine vinicole vieux de trois si\u00e8cles, charmera ses occupants par une d\u00e9coration \u00e0 la fois fid\u00e8le \u00e0 l\u2019histoire des lieux et \u00e0 des [&hellip;]<\/p>\n","protected":false},"author":1,"featured_media":0,"parent":0,"menu_order":0,"comment_status":"closed","ping_status":"closed","template":"","meta":{"_genesis_hide_title":false,"_genesis_hide_breadcrumbs":false,"_genesis_hide_singular_image":false,"_genesis_hide_footer_widgets":false,"_genesis_custom_body_class":"","_genesis_custom_post_class":"","_genesis_layout":"","ngg_post_thumbnail":0},"_links":{"self":[{"href":"http:\/\/www.lecaillau.com\/fr\/wp-json\/wp\/v2\/pages\/2161"}],"collection":[{"href":"http:\/\/www.lecaillau.com\/fr\/wp-json\/wp\/v2\/pages"}],"about":[{"href":"http:\/\/www.lecaillau.com\/fr\/wp-json\/wp\/v2\/types\/page"}],"author":[{"embeddable":true,"href":"http:\/\/www.lecaillau.com\/fr\/wp-json\/wp\/v2\/users\/1"}],"replies":[{"embeddable":true,"href":"http:\/\/www.lecaillau.com\/fr\/wp-json\/wp\/v2\/comments?post=2161"}],"version-history":[{"count":5,"href":"http:\/\/www.lecaillau.com\/fr\/wp-json\/wp\/v2\/pages\/2161\/revisions"}],"predecessor-version":[{"id":13150,"href":"http:\/\/www.lecaillau.com\/fr\/wp-json\/wp\/v2\/pages\/2161\/revisions\/13150"}],"wp:attachment":[{"href":"http:\/\/www.lecaillau.com\/fr\/wp-json\/wp\/v2\/media?parent=2161"}],"curies":[{"name":"wp","href":"https:\/\/api.w.org\/{rel}","templated":true}]}}