{"id":2191,"date":"2018-04-20T16:38:00","date_gmt":"2018-04-20T14:38:00","guid":{"rendered":"http:\/\/dev-le-caillau.pantheonsite.io\/?page_id=2191"},"modified":"2018-05-31T18:58:03","modified_gmt":"2018-05-31T16:58:03","slug":"politique-de-confidentialite","status":"publish","type":"page","link":"http:\/\/www.lecaillau.com\/fr\/politique-de-confidentialite\/","title":{"rendered":"Politique de confidentialit\u00e9"},"content":{"rendered":"<h4> Politique de confidentialit\u00e9 du Caillau <\/h4>\n<p><strong>Que sont les cookies\u00a0?<br \/>\n<\/strong><\/p>\n<p>Comme la plupart des sites professionnels, ce site utilise \u00e9galement des cookies. Les cookies sont de petits fichiers t\u00e9l\u00e9charg\u00e9s sur votre ordinateur afin d\u2019am\u00e9liorer l\u2019exp\u00e9rience de navigation. Cette page explique quelles informations sont collect\u00e9es, comment nous les utilisons, et pourquoi leur installation est parfois n\u00e9cessaire. Nous vous expliquerons aussi comment faire pour d\u00e9sactiver les cookies et les restrictions que cette d\u00e9sactivation peut entra\u00eener.<\/p>\n<p>Pour des informations g\u00e9n\u00e9rales sur les cookies, consultez l\u2019article de Wikipedia relatif aux cookies HTTP.<\/p>\n<p><strong><br \/>\nComment nous utilisons les cookies <\/strong><\/p>\n<p>Nous utilisons des cookies pour diverses raisons \u00e9num\u00e9r\u00e9es en d\u00e9tail ci-dessous. La d\u00e9sactivation des cookies s\u2019accompagne le plus souvent \u2013 et sans alternative \u2013 de la d\u00e9sactivation totale des fonctionnalit\u00e9s des sites Web. Il est donc conseill\u00e9 d\u2019autoriser tous les cookies si vous n\u2019\u00eates pas certain de savoir si vous en avez besoin ou non pour une fonction de la page que vous utilisez.<\/p>\n<p><strong>D\u00e9sactivation des cookies<br \/>\n<\/strong><\/p>\n<p>Vous pouvez d\u00e9sactiver les cookies en choisissant correctement les param\u00e8tres de votre navigateur (pour les instructions, consultez la rubrique \u00ab Aide \u00bb du menu de votre navigateur). N\u2019oubliez pas que la d\u00e9sactivation des cookies peut emp\u00eacher certaines fonctionnalit\u00e9s d\u2019une page. Pour cette raison, il est recommand\u00e9 de ne pas d\u00e9sactiver les cookies.<\/p>\n<p><strong>Les cookies que nous utilisons<br \/>\n<\/strong><\/p>\n<p>Ce site propose des services de lettres d\u2019information et d\u2019e-mailing et utilise les cookies \u00e0 cet effet. Cependant, certaines notifications ne sont envoy\u00e9es qu\u2019aux utilisateurs enregistr\u00e9s.<\/p>\n<p>Le fait de communiquer certaines informations via un formulaire \u2013 tels que les formulaires de contact ou les fonctions de commentaire \u2013 est susceptible d\u2019activer des cookies pour de futures interactions avec le site.<\/p>\n<p>Pour que vous puissiez b\u00e9n\u00e9ficier d\u2019une navigation optimale sur ce site, nous vous laissons la possibilit\u00e9 de d\u00e9finir vos pr\u00e9f\u00e9rences relatives \u00e0 la fa\u00e7on dont ce site s\u2019ex\u00e9cute lorsque vous l\u2019utilisez. Pour m\u00e9moriser vos pr\u00e9f\u00e9rences nous avons besoin de d\u00e9finir des cookies permettant le rappel de ces informations \u00e0 chaque fois que vous interagissez avec une page concern\u00e9e par vos pr\u00e9f\u00e9rences.<\/p>\n<p><strong><br \/>\nPlus d\u2019informations<br \/>\n<\/strong><\/p>\n<p>Nous esp\u00e9rons que ces quelques paragraphes vous auront apport\u00e9 les r\u00e9ponses \u00e0 vos interrogations quant aux cookies. Comme d\u00e9j\u00e0 mentionn\u00e9, il est conseill\u00e9 de ne pas d\u00e9sactiver les cookies afin de profiter pleinement de toutes les fonctionnalit\u00e9s de notre site.<\/p>\n<h4>Confidentialit\u00e9<\/h4>\n<p>Le Caillau s&#8217;engage \u00e0 prot\u00e9ger la confidentialit\u00e9 de vos renseignements personnels. Votre adresse e-mail et vos autres renseignements personnels sont utilis\u00e9s exclusivement par Le Caillau. Les renseignements permettant de vous identifier personnellement ne seront divulgu\u00e9s \u00e0 aucune tierce partie.<\/p>\n","protected":false},"excerpt":{"rendered":"<p>Politique de confidentialit\u00e9 du Caillau Que sont les cookies\u00a0? Comme la plupart des sites professionnels, ce site utilise \u00e9galement des cookies. Les cookies sont de petits fichiers t\u00e9l\u00e9charg\u00e9s sur votre ordinateur afin d\u2019am\u00e9liorer l\u2019exp\u00e9rience de navigation. Cette page explique quelles informations sont collect\u00e9es, comment nous les utilisons, et pourquoi leur installation est parfois n\u00e9cessaire. Nous [&hellip;]<\/p>\n","protected":false},"author":1,"featured_media":0,"parent":0,"menu_order":0,"comment_status":"closed","ping_status":"closed","template":"","meta":{"_genesis_hide_title":false,"_genesis_hide_breadcrumbs":false,"_genesis_hide_singular_image":false,"_genesis_hide_footer_widgets":false,"_genesis_custom_body_class":"","_genesis_custom_post_class":"","_genesis_layout":"","ngg_post_thumbnail":0},"_links":{"self":[{"href":"http:\/\/www.lecaillau.com\/fr\/wp-json\/wp\/v2\/pages\/2191"}],"collection":[{"href":"http:\/\/www.lecaillau.com\/fr\/wp-json\/wp\/v2\/pages"}],"about":[{"href":"http:\/\/www.lecaillau.com\/fr\/wp-json\/wp\/v2\/types\/page"}],"author":[{"embeddable":true,"href":"http:\/\/www.lecaillau.com\/fr\/wp-json\/wp\/v2\/users\/1"}],"replies":[{"embeddable":true,"href":"http:\/\/www.lecaillau.com\/fr\/wp-json\/wp\/v2\/comments?post=2191"}],"version-history":[{"count":2,"href":"http:\/\/www.lecaillau.com\/fr\/wp-json\/wp\/v2\/pages\/2191\/revisions"}],"predecessor-version":[{"id":2353,"href":"http:\/\/www.lecaillau.com\/fr\/wp-json\/wp\/v2\/pages\/2191\/revisions\/2353"}],"wp:attachment":[{"href":"http:\/\/www.lecaillau.com\/fr\/wp-json\/wp\/v2\/media?parent=2191"}],"curies":[{"name":"wp","href":"https:\/\/api.w.org\/{rel}","templated":true}]}}